{"id":43253,"date":"2023-08-14T18:27:17","date_gmt":"2023-08-14T16:27:17","guid":{"rendered":"https:\/\/www.jmf-filters.com\/industrier\/"},"modified":"2024-09-30T09:49:27","modified_gmt":"2024-09-30T07:49:27","slug":"industrier","status":"publish","type":"page","link":"https:\/\/www.jmf-filters.com\/no\/industrier\/","title":{"rendered":"Industrier"},"content":{"rendered":"<style>.wp-block-kadence-advancedheading.kt-adv-heading43253_81d629-1e, .wp-block-kadence-advancedheading.kt-adv-heading43253_81d629-1e[data-kb-block=\"kb-adv-heading43253_81d629-1e\"]{font-style:normal;}.wp-block-kadence-advancedheading.kt-adv-heading43253_81d629-1e mark.kt-highlight, .wp-block-kadence-advancedheading.kt-adv-heading43253_81d629-1e[data-kb-block=\"kb-adv-heading43253_81d629-1e\"] mark.kt-highlight{font-style:normal;color:#f76a0c;-webkit-box-decoration-break:clone;box-decoration-break:clone;padding-top:0px;padding-right:0px;padding-bottom:0px;padding-left:0px;}.wp-block-kadence-advancedheading.kt-adv-heading43253_81d629-1e img.kb-inline-image, .wp-block-kadence-advancedheading.kt-adv-heading43253_81d629-1e[data-kb-block=\"kb-adv-heading43253_81d629-1e\"] img.kb-inline-image{width:150px;vertical-align:baseline;}<\/style>\n<h1 class=\"kt-adv-heading43253_81d629-1e wp-block-kadence-advancedheading\" data-kb-block=\"kb-adv-heading43253_81d629-1e\">V\u00e5re industrier<\/h1>\n\n\n\n<p>Vi er et profesjonelt produksjons- og r\u00e5dgivningsselskap som spesialiserer seg p\u00e5 v\u00e6skefiltrering og tilbyr filtreringsl\u00f8sninger og produserer filtre for bilindustrien kjemisk industri, mat- og drikkeindustrien, v\u00e6skefiltreringsindustrien, marin industri, offshoreindustrien, olje- og gassindustrien, prosessindustrien, sj\u00f8vann Filtreringsindustri, tanklagringsindustri, avl\u00f8psrenseindustri og akvakulturindustri.<\/p>\n\n\n\n<p>Vi tilbyr en rekke v\u00e6skefiltre og tilh\u00f8rende applikasjoner. For filtrering av vann og andre v\u00e6sker. Vi leverer h\u00f8ytrykksfilterhus.<\/p>\n\n\n\n<ul class=\"wp-block-list\">\n  \n  <li><a href=\"\/no\/industrier\/akvakultur-no\/\">Akvakultur<\/a><\/li>\n  \n\n  \n  <li><a href=\"\/no\/industrier\/avlopsrensing\/\">Avl\u00f8psrensing<\/a><\/li>\n  \n\n  \n  <li><a href=\"\/no\/industrier\/bilindustri\/\">Bilindustri<\/a><\/li>\n  \n\n  \n  <li><a href=\"\/no\/industrier\/food-beverage\/\">Food &#038; Beverage<\/a><\/li>\n  \n\n  \n  <li><a href=\"\/no\/industrier\/kjemisk-industri\/\">Kjemisk industri<\/a><\/li>\n  \n\n  \n  <li><a href=\"\/no\/industrier\/marine\/\">Marine<\/a><\/li>\n  \n\n  \n  <li><a href=\"\/no\/industrier\/offshore\/\">Offshore<\/a><\/li>\n  \n\n  \n  <li><a href=\"\/no\/industrier\/olje-gass\/\">Olje gass<\/a><\/li>\n  \n\n  \n  <li><a href=\"\/no\/industrier\/prosessindustri\/\">Prosessindustri<\/a><\/li>\n  \n\n  \n  <li><a href=\"\/no\/industrier\/sjovannsfiltrering\/\">Sj\u00f8vannsfiltrering<\/a><\/li>\n  \n\n  \n  <li><a href=\"\/no\/industrier\/tanklagring\/\">Tanklagring<\/a><\/li>\n  \n\n  \n  <li><a href=\"\/no\/industrier\/vaeskefiltrering\/\">V\u00e6skefiltrering<\/a><\/li>\n  \n<\/ul>\n\n","protected":false},"excerpt":{"rendered":"<p>V\u00e5re industrier Vi er et profesjonelt produksjons- og r\u00e5dgivningsselskap som spesialiserer seg p\u00e5 v\u00e6skefiltrering og tilbyr filtreringsl\u00f8sninger og produserer filtre for bilindustrien kjemisk industri, mat- og drikkeindustrien, v\u00e6skefiltreringsindustrien, marin industri, offshoreindustrien, olje- og gassindustrien, prosessindustrien, sj\u00f8vann Filtreringsindustri, tanklagringsindustri, avl\u00f8psrenseindustri og akvakulturindustri. Vi tilbyr en rekke v\u00e6skefiltre og tilh\u00f8rende applikasjoner. For filtrering av vann og andre [&hellip;]<\/p>\n","protected":false},"author":6,"featured_media":0,"parent":0,"menu_order":0,"comment_status":"closed","ping_status":"closed","template":"","meta":{"_acf_changed":false,"_seopress_robots_primary_cat":"","_seopress_titles_title":"","_seopress_titles_desc":"","_seopress_robots_index":"","_kad_blocks_custom_css":"","_kad_blocks_head_custom_js":"","_kad_blocks_body_custom_js":"","_kad_blocks_footer_custom_js":"","footnotes":""},"class_list":["post-43253","page","type-page","status-publish","hentry"],"acf":[],"taxonomy_info":[],"featured_image_src_large":false,"author_info":{"display_name":"Lars Fledderus","author_link":"https:\/\/www.jmf-filters.com\/no\/author\/lars\/"},"comment_info":0,"_links":{"self":[{"href":"https:\/\/www.jmf-filters.com\/no\/wp-json\/wp\/v2\/pages\/43253","targetHints":{"allow":["GET"]}}],"collection":[{"href":"https:\/\/www.jmf-filters.com\/no\/wp-json\/wp\/v2\/pages"}],"about":[{"href":"https:\/\/www.jmf-filters.com\/no\/wp-json\/wp\/v2\/types\/page"}],"author":[{"embeddable":true,"href":"https:\/\/www.jmf-filters.com\/no\/wp-json\/wp\/v2\/users\/6"}],"replies":[{"embeddable":true,"href":"https:\/\/www.jmf-filters.com\/no\/wp-json\/wp\/v2\/comments?post=43253"}],"version-history":[{"count":2,"href":"https:\/\/www.jmf-filters.com\/no\/wp-json\/wp\/v2\/pages\/43253\/revisions"}],"predecessor-version":[{"id":45937,"href":"https:\/\/www.jmf-filters.com\/no\/wp-json\/wp\/v2\/pages\/43253\/revisions\/45937"}],"wp:attachment":[{"href":"https:\/\/www.jmf-filters.com\/no\/wp-json\/wp\/v2\/media?parent=43253"}],"curies":[{"name":"wp","href":"https:\/\/api.w.org\/{rel}","templated":true}]}}